{"id":776,"date":"2024-03-14T12:07:39","date_gmt":"2024-03-14T11:07:39","guid":{"rendered":"http:\/\/localhost\/dynamex\/site\/?post_type=product&#038;p=776"},"modified":"2025-10-17T16:20:55","modified_gmt":"2025-10-17T15:20:55","slug":"euro-palette-1-qualitaet-occasion","status":"publish","type":"product","link":"https:\/\/www.dynamex.ch\/home\/product\/euro-palette-1-qualitaet-occasion\/","title":{"rendered":"Euro-Palette occasion 1. Qualit\u00e4t"},"content":{"rendered":"","protected":false},"excerpt":{"rendered":"<p><strong>Euro Palette occasion 1. Qualit\u00e4t\u00a0<\/strong><br \/>\nDie Euro Paletten 1. Qualit\u00e4t sind einmal gebraucht und daher hell und trocken. Kaufen Sie die g\u00fcnstige Alternative zu neuen Paletten.<\/p>\n<p>Im Vergleich zu den <a href=\"https:\/\/www.dynamex.ch\/product\/euro-paletten-occasion-2-qualitaet\/\">Euro Paletten 2. Qualit\u00e4t<\/a> sind die Paletten 1. Qualit\u00e4t heller, da diese nur 1-2 gebraucht wurden. Die Paletten sind problemlos im Lebensmittelbereich verwendbar.<\/p>\n<p>Der Vorteil der gebrauchten Paletten liegt im Preis und trotz ihrer vorherigen Nutzung behalten sie ihre volle Funktionalit\u00e4t und Tragf\u00e4higkeit, da sie nach den genormten EPAL- Standards kontrolliert und repariert wurden. Dadurch eignen sie sich ideal f\u00fcr den Transport, die Lagerung und die Wiederverwendung in unterschiedlichsten Branchen. Im Vergleich zu neuen Paletten sind die <strong>Euro Palette occasion 1. Qualit\u00e4t <\/strong>um bis zu 20% g\u00fcnstiger.<\/p>\n<p><a href=\"https:\/\/shop.dynamex.ch\/Euro-Palette-1-Qualit%C3%A4t-80-x-120-cm-p541893952\">Link zum Online-Shop<\/a><\/p>\n","protected":false},"featured_media":967,"comment_status":"open","ping_status":"closed","template":"","meta":[],"product_brand":[],"product_cat":[31],"product_tag":[43,36,33,42,39,44,38],"class_list":{"0":"post-776","1":"product","2":"type-product","3":"status-publish","4":"has-post-thumbnail","6":"product_cat-holz-paletten","7":"product_tag-eur-paletten","8":"product_tag-euro-palette","9":"product_tag-new","10":"product_tag-paletten","11":"product_tag-paletten-kaufen","12":"product_tag-paletten-tauschen","13":"product_tag-sbb-paletten","15":"first","16":"instock","17":"featured","18":"shipping-taxable","19":"product-type-simple","20":"berocket_lgv_grid","21":"berocket_lgv_list_grid"},"yoast_head":"<!-- This site is optimized with the Yoast SEO plugin v27.4 - https:\/\/yoast.com\/product\/yoast-seo-wordpress\/ -->\n<title>Euro Palette 1. Qualit\u00e4t occasion<\/title>\n<meta name=\"description\" content=\"Die Euro Palette 1. Qualit\u00e4t occasion sind einmal gebraucht und daher hell und trocken. Kaufen Sie die g\u00fcnstige Alternative zu neuen Paletten.\" \/>\n<meta name=\"robots\" content=\"index, follow, max-snippet:-1, max-image-preview:large, max-video-preview:-1\" \/>\n<link rel=\"canonical\" href=\"https:\/\/www.dynamex.ch\/home\/product\/euro-palette-1-qualitaet-occasion\/\" \/>\n<meta property=\"og:locale\" content=\"de_DE\" \/>\n<meta property=\"og:type\" content=\"article\" \/>\n<meta property=\"og:title\" content=\"Euro Palette 1. Qualit\u00e4t occasion\" \/>\n<meta property=\"og:description\" content=\"Die Euro Palette 1. Qualit\u00e4t occasion sind einmal gebraucht und daher hell und trocken. Kaufen Sie die g\u00fcnstige Alternative zu neuen Paletten.\" \/>\n<meta property=\"og:url\" content=\"https:\/\/www.dynamex.ch\/home\/product\/euro-palette-1-qualitaet-occasion\/\" \/>\n<meta property=\"og:site_name\" content=\"Dynamex Produkte AG\" \/>\n<meta property=\"article:modified_time\" content=\"2025-10-17T15:20:55+00:00\" \/>\n<meta property=\"og:image\" content=\"https:\/\/www.dynamex.ch\/wp-content\/uploads\/2021\/08\/EUR-Paletten-1.-Qaulitaet-scaled.jpg\" \/>\n\t<meta property=\"og:image:width\" content=\"2560\" \/>\n\t<meta property=\"og:image:height\" content=\"1920\" \/>\n\t<meta property=\"og:image:type\" content=\"image\/jpeg\" \/>\n<script type=\"application\/ld+json\" class=\"yoast-schema-graph\">{\"@context\":\"https:\\\/\\\/schema.org\",\"@graph\":[{\"@type\":\"WebPage\",\"@id\":\"https:\\\/\\\/www.dynamex.ch\\\/home\\\/product\\\/euro-palette-1-qualitaet-occasion\\\/\",\"url\":\"https:\\\/\\\/www.dynamex.ch\\\/home\\\/product\\\/euro-palette-1-qualitaet-occasion\\\/\",\"name\":\"Euro Palette 1. Qualit\u00e4t occasion\",\"isPartOf\":{\"@id\":\"https:\\\/\\\/www.dynamex.ch\\\/home\\\/#website\"},\"primaryImageOfPage\":{\"@id\":\"https:\\\/\\\/www.dynamex.ch\\\/home\\\/product\\\/euro-palette-1-qualitaet-occasion\\\/#primaryimage\"},\"image\":{\"@id\":\"https:\\\/\\\/www.dynamex.ch\\\/home\\\/product\\\/euro-palette-1-qualitaet-occasion\\\/#primaryimage\"},\"thumbnailUrl\":\"https:\\\/\\\/www.dynamex.ch\\\/wp-content\\\/uploads\\\/2021\\\/08\\\/EUR-Paletten-1.-Qaulitaet-scaled.jpg\",\"datePublished\":\"2024-03-14T11:07:39+00:00\",\"dateModified\":\"2025-10-17T15:20:55+00:00\",\"description\":\"Die Euro Palette 1. Qualit\u00e4t occasion sind einmal gebraucht und daher hell und trocken. Kaufen Sie die g\u00fcnstige Alternative zu neuen Paletten.\",\"breadcrumb\":{\"@id\":\"https:\\\/\\\/www.dynamex.ch\\\/home\\\/product\\\/euro-palette-1-qualitaet-occasion\\\/#breadcrumb\"},\"inLanguage\":\"de-CH\",\"potentialAction\":[{\"@type\":\"ReadAction\",\"target\":[\"https:\\\/\\\/www.dynamex.ch\\\/home\\\/product\\\/euro-palette-1-qualitaet-occasion\\\/\"]}]},{\"@type\":\"ImageObject\",\"inLanguage\":\"de-CH\",\"@id\":\"https:\\\/\\\/www.dynamex.ch\\\/home\\\/product\\\/euro-palette-1-qualitaet-occasion\\\/#primaryimage\",\"url\":\"https:\\\/\\\/www.dynamex.ch\\\/wp-content\\\/uploads\\\/2021\\\/08\\\/EUR-Paletten-1.-Qaulitaet-scaled.jpg\",\"contentUrl\":\"https:\\\/\\\/www.dynamex.ch\\\/wp-content\\\/uploads\\\/2021\\\/08\\\/EUR-Paletten-1.-Qaulitaet-scaled.jpg\",\"width\":2560,\"height\":1920,\"caption\":\"Euro Paletten 1. Quali\u00e4t\"},{\"@type\":\"BreadcrumbList\",\"@id\":\"https:\\\/\\\/www.dynamex.ch\\\/home\\\/product\\\/euro-palette-1-qualitaet-occasion\\\/#breadcrumb\",\"itemListElement\":[{\"@type\":\"ListItem\",\"position\":1,\"name\":\"Home\",\"item\":\"https:\\\/\\\/www.dynamex.ch\\\/home\\\/\"},{\"@type\":\"ListItem\",\"position\":2,\"name\":\"Euro-Palette occasion 1. Qualit\u00e4t\"}]},{\"@type\":\"WebSite\",\"@id\":\"https:\\\/\\\/www.dynamex.ch\\\/home\\\/#website\",\"url\":\"https:\\\/\\\/www.dynamex.ch\\\/home\\\/\",\"name\":\"Dynamex Produkte AG\",\"description\":\"\",\"publisher\":{\"@id\":\"https:\\\/\\\/www.dynamex.ch\\\/home\\\/#organization\"},\"potentialAction\":[{\"@type\":\"SearchAction\",\"target\":{\"@type\":\"EntryPoint\",\"urlTemplate\":\"https:\\\/\\\/www.dynamex.ch\\\/home\\\/?s={search_term_string}\"},\"query-input\":{\"@type\":\"PropertyValueSpecification\",\"valueRequired\":true,\"valueName\":\"search_term_string\"}}],\"inLanguage\":\"de-CH\"},{\"@type\":\"Organization\",\"@id\":\"https:\\\/\\\/www.dynamex.ch\\\/home\\\/#organization\",\"name\":\"Dynamex Produkte AG\",\"url\":\"https:\\\/\\\/www.dynamex.ch\\\/home\\\/\",\"logo\":{\"@type\":\"ImageObject\",\"inLanguage\":\"de-CH\",\"@id\":\"https:\\\/\\\/www.dynamex.ch\\\/home\\\/#\\\/schema\\\/logo\\\/image\\\/\",\"url\":\"https:\\\/\\\/www.dynamex.ch\\\/wp-content\\\/uploads\\\/2021\\\/08\\\/logo-1.svg\",\"contentUrl\":\"https:\\\/\\\/www.dynamex.ch\\\/wp-content\\\/uploads\\\/2021\\\/08\\\/logo-1.svg\",\"width\":1,\"height\":1,\"caption\":\"Dynamex Produkte AG\"},\"image\":{\"@id\":\"https:\\\/\\\/www.dynamex.ch\\\/home\\\/#\\\/schema\\\/logo\\\/image\\\/\"}}]}<\/script>\n<!-- \/ Yoast SEO plugin. -->","yoast_head_json":{"title":"Euro Palette 1. Qualit\u00e4t occasion","description":"Die Euro Palette 1. Qualit\u00e4t occasion sind einmal gebraucht und daher hell und trocken. Kaufen Sie die g\u00fcnstige Alternative zu neuen Paletten.","robots":{"index":"index","follow":"follow","max-snippet":"max-snippet:-1","max-image-preview":"max-image-preview:large","max-video-preview":"max-video-preview:-1"},"canonical":"https:\/\/www.dynamex.ch\/home\/product\/euro-palette-1-qualitaet-occasion\/","og_locale":"de_DE","og_type":"article","og_title":"Euro Palette 1. Qualit\u00e4t occasion","og_description":"Die Euro Palette 1. Qualit\u00e4t occasion sind einmal gebraucht und daher hell und trocken. Kaufen Sie die g\u00fcnstige Alternative zu neuen Paletten.","og_url":"https:\/\/www.dynamex.ch\/home\/product\/euro-palette-1-qualitaet-occasion\/","og_site_name":"Dynamex Produkte AG","article_modified_time":"2025-10-17T15:20:55+00:00","og_image":[{"width":2560,"height":1920,"url":"https:\/\/www.dynamex.ch\/wp-content\/uploads\/2021\/08\/EUR-Paletten-1.-Qaulitaet-scaled.jpg","type":"image\/jpeg"}],"schema":{"@context":"https:\/\/schema.org","@graph":[{"@type":"WebPage","@id":"https:\/\/www.dynamex.ch\/home\/product\/euro-palette-1-qualitaet-occasion\/","url":"https:\/\/www.dynamex.ch\/home\/product\/euro-palette-1-qualitaet-occasion\/","name":"Euro Palette 1. Qualit\u00e4t occasion","isPartOf":{"@id":"https:\/\/www.dynamex.ch\/home\/#website"},"primaryImageOfPage":{"@id":"https:\/\/www.dynamex.ch\/home\/product\/euro-palette-1-qualitaet-occasion\/#primaryimage"},"image":{"@id":"https:\/\/www.dynamex.ch\/home\/product\/euro-palette-1-qualitaet-occasion\/#primaryimage"},"thumbnailUrl":"https:\/\/www.dynamex.ch\/wp-content\/uploads\/2021\/08\/EUR-Paletten-1.-Qaulitaet-scaled.jpg","datePublished":"2024-03-14T11:07:39+00:00","dateModified":"2025-10-17T15:20:55+00:00","description":"Die Euro Palette 1. Qualit\u00e4t occasion sind einmal gebraucht und daher hell und trocken. Kaufen Sie die g\u00fcnstige Alternative zu neuen Paletten.","breadcrumb":{"@id":"https:\/\/www.dynamex.ch\/home\/product\/euro-palette-1-qualitaet-occasion\/#breadcrumb"},"inLanguage":"de-CH","potentialAction":[{"@type":"ReadAction","target":["https:\/\/www.dynamex.ch\/home\/product\/euro-palette-1-qualitaet-occasion\/"]}]},{"@type":"ImageObject","inLanguage":"de-CH","@id":"https:\/\/www.dynamex.ch\/home\/product\/euro-palette-1-qualitaet-occasion\/#primaryimage","url":"https:\/\/www.dynamex.ch\/wp-content\/uploads\/2021\/08\/EUR-Paletten-1.-Qaulitaet-scaled.jpg","contentUrl":"https:\/\/www.dynamex.ch\/wp-content\/uploads\/2021\/08\/EUR-Paletten-1.-Qaulitaet-scaled.jpg","width":2560,"height":1920,"caption":"Euro Paletten 1. Quali\u00e4t"},{"@type":"BreadcrumbList","@id":"https:\/\/www.dynamex.ch\/home\/product\/euro-palette-1-qualitaet-occasion\/#breadcrumb","itemListElement":[{"@type":"ListItem","position":1,"name":"Home","item":"https:\/\/www.dynamex.ch\/home\/"},{"@type":"ListItem","position":2,"name":"Euro-Palette occasion 1. Qualit\u00e4t"}]},{"@type":"WebSite","@id":"https:\/\/www.dynamex.ch\/home\/#website","url":"https:\/\/www.dynamex.ch\/home\/","name":"Dynamex Produkte AG","description":"","publisher":{"@id":"https:\/\/www.dynamex.ch\/home\/#organization"},"potentialAction":[{"@type":"SearchAction","target":{"@type":"EntryPoint","urlTemplate":"https:\/\/www.dynamex.ch\/home\/?s={search_term_string}"},"query-input":{"@type":"PropertyValueSpecification","valueRequired":true,"valueName":"search_term_string"}}],"inLanguage":"de-CH"},{"@type":"Organization","@id":"https:\/\/www.dynamex.ch\/home\/#organization","name":"Dynamex Produkte AG","url":"https:\/\/www.dynamex.ch\/home\/","logo":{"@type":"ImageObject","inLanguage":"de-CH","@id":"https:\/\/www.dynamex.ch\/home\/#\/schema\/logo\/image\/","url":"https:\/\/www.dynamex.ch\/wp-content\/uploads\/2021\/08\/logo-1.svg","contentUrl":"https:\/\/www.dynamex.ch\/wp-content\/uploads\/2021\/08\/logo-1.svg","width":1,"height":1,"caption":"Dynamex Produkte AG"},"image":{"@id":"https:\/\/www.dynamex.ch\/home\/#\/schema\/logo\/image\/"}}]}},"post_mailing_queue_ids":[],"_links":{"self":[{"href":"https:\/\/www.dynamex.ch\/home\/wp-json\/wp\/v2\/product\/776","targetHints":{"allow":["GET"]}}],"collection":[{"href":"https:\/\/www.dynamex.ch\/home\/wp-json\/wp\/v2\/product"}],"about":[{"href":"https:\/\/www.dynamex.ch\/home\/wp-json\/wp\/v2\/types\/product"}],"replies":[{"embeddable":true,"href":"https:\/\/www.dynamex.ch\/home\/wp-json\/wp\/v2\/comments?post=776"}],"wp:featuredmedia":[{"embeddable":true,"href":"https:\/\/www.dynamex.ch\/home\/wp-json\/wp\/v2\/media\/967"}],"wp:attachment":[{"href":"https:\/\/www.dynamex.ch\/home\/wp-json\/wp\/v2\/media?parent=776"}],"wp:term":[{"taxonomy":"product_brand","embeddable":true,"href":"https:\/\/www.dynamex.ch\/home\/wp-json\/wp\/v2\/product_brand?post=776"},{"taxonomy":"product_cat","embeddable":true,"href":"https:\/\/www.dynamex.ch\/home\/wp-json\/wp\/v2\/product_cat?post=776"},{"taxonomy":"product_tag","embeddable":true,"href":"https:\/\/www.dynamex.ch\/home\/wp-json\/wp\/v2\/product_tag?post=776"}],"curies":[{"name":"wp","href":"https:\/\/api.w.org\/{rel}","templated":true}]}}